{"id":67,"date":"2014-09-17T20:06:31","date_gmt":"2014-09-17T18:06:31","guid":{"rendered":"http:\/\/www.gvk24.de\/?page_id=67"},"modified":"2021-01-04T20:33:08","modified_gmt":"2021-01-04T18:33:08","slug":"impressum","status":"publish","type":"page","link":"https:\/\/www.gvk24.de\/?page_id=67","title":{"rendered":"Impressum+Datenschutz"},"content":{"rendered":"<h1>Angaben gem\u00e4\u00df \u00a7 5 TMG:<\/h1>\n<p>GVK24 &#8211; Glinder Versicherungs-Kontor GmbH<br \/>\nAm Ladenzentrum 6b<br \/>\n21465 Reinbek<\/p>\n<p>Vertreten durch:<br \/>\nLars-Bj\u00f8rn K\u00fchl und Georg Jarisch<\/p>\n<p>Kontakt:<br \/>\nFON\u00a0\u00a0\u00a0\u00a0040-780 81 45<br \/>\nFAX \u00a0\u00a0\u00a0 040-78081431<br \/>\nMAIL\u00a0 \u00a0 post\u00a0(at) gvk24.de<\/p>\n<h2>Registereintrag:<\/h2>\n<p>Eintragung im Handelsregister der GmbH:<br \/>\nRegistergericht: L\u00fcbeck<br \/>\nRegisternummer: 11693<\/p>\n<p>Berufsbezeichnung:<br \/>\nGVK24 GmbH: Versicherungsmakler\u00a0\u00a734d Abs.1<\/p>\n<p>Erlaubnis- und Registrierungsbeh\u00f6rde ist die IHK L\u00fcbeck, Fackenburger Allee 2, 23554 L\u00fcbeck<br \/>\nAufsichtsbeh\u00f6rde ist die Stadt Reinbek, Hamburger Str. 5-7 , 21465 Reinbek<\/p>\n<p>Es gelten folgende berufsrechtlichen Regelungen:<\/p>\n<p>34d &#8211; D-DCYJ-YEM32-98<br \/>\nRegelungen einsehbar unter:\u00a0<span style=\"color: #3366ff;\"><a style=\"color: #3366ff;\" href=\"http:\/\/www.vermittlerregister.info\">www.vermittlerregister.info<\/a><\/span><\/p>\n<p>Quelle:\u00a0<span style=\"color: #3366ff;\"><em><a style=\"color: #3366ff;\" href=\"http:\/\/www.e-recht24.de\/\">http:\/\/www.e-recht24.de<\/a><\/em><\/span><\/p>\n<h2><strong>Erstinformation f\u00fcr Kunden\u00a0<\/strong><strong><em>GVK24 \u2013 Glinder Versicherungs-Kontor GmbH<\/em><\/strong><\/h2>\n<p>Die Firma GVK24 \u2013 Glinder Versicherungs-Kontor GmbH (GVK24 GmbH) mit Sitz in Reinbek ist im Vermittlerregister mit der Nr. D-DCYJ-YEM32-98 beim Deutscher Industrie- und Handelskammertag (DIHK) e.V. \u2022 Breite Stra\u00dfe 29, 10178 Berlin als Makler eingetragen. Sie k\u00f6nnen die Eintragung auf der Internetseite www.vermittlerregister. info \u00fcberpr\u00fcfen.<\/p>\n<p>Die GVK24 GmbH ist als Makler ein regionaler Allfinanzdienstleister f\u00fcr den Gro\u00dfraum Hamburg sowie ausgew\u00e4hlte Kunden im Bundesgebiet.<\/p>\n<p>Die Firma GVK24 GmbH h\u00e4lt keine unmittelbare oder mittelbare Beteiligung von mehr als 10% der Stimmrechte oder des Kapitals an einem Versicherungsunternehmen noch ist ein Versicherungsunternehmen mit mehr als 10% der Stimmrechte oder des Kapitals am Unternehmen mittelbar oder unmittelbar beteiligt.<\/p>\n<p>Die GVK24 GmbH stellt Produkte von Versicherungsgesellschaften zur Umsetzung individualisierter Deckungskonzepte zur Auswahl und spricht Empfehlungen aus. Grundlage f\u00fcr ma\u00dfgeschneiderte L\u00f6sungen ist eine umfassende Bedarfsanalyse. Wir arbeiten u.a. mit der Maklerplattform Netfonds.AG, Heidenkampsweg 73, 20097 Hamburg zusammen. Dort stehen bis zu 95 Versicherer zur Wahl.<\/p>\n<p>Falls es bei aller Sorgfalt doch einmal zu nicht l\u00f6sbaren Meinungsverschiedenheiten kommen sollte, k\u00f6nnen Sie sich an folgende Beschwerdestellen zur au\u00dfergerichtlichen Streitbeilegung wenden:<\/p>\n<p>\u2022 Ombudsmann f\u00fcr die private Kranken- und Pflegeversicherung, Postfach 060222, 10052 Berlin, www.pkv-ombudsmann.de \u2022 Versicherungsombudsmann e.V., Postfach 080632, 10006 Berlin, www.versicherungsombudsmann.de \u2022 Bundesanstalt f\u00fcr Finanzdienstleistungsaufsicht, Ombudsleute, Postfach 13 08, 53003 Bonn, www.bafin.de \u2022 Telefon: 0180 600585-0 (14 Cent\/Min aus dem dt. Festnetz, h\u00f6chstens 50 Cent\/Min aus Mobilfunknetzen)<\/p>\n<h2>Lars-Bj\u00f6rn K\u00fchl<\/h2>\n<p>Es gelten folgende berufsrechtlichen Regelungen:<\/p>\n<p>34c &#8211; ausgestellt durch Stadt Reinbek<br \/>\n34d &#8211; \u00fcber die GmbH<br \/>\nRegelungen einsehbar unter:\u00a0<a href=\"http:\/\/www.vermittlerregister.info\">www.vermittlerregister.info<\/a><br \/>\n34f &#8211; D-F-150-ZNVY-60 ruht derzeit -&gt; er vermittelt unter einem Haftungsdach;\u00a0 Unterlagen hierzu erhalten Sie vor einer Beratung<br \/>\nRegelungen einsehbar unter:\u00a0<a href=\"http:\/\/www.vermittlerregister.info\">www.vermittlerregister.info<\/a><br \/>\n34i &#8211; D-W-150-7MM4-16<br \/>\nRegelungen einsehbar unter:\u00a0<a href=\"http:\/\/www.vermittlerregister.info\">www.vermittlerregister.info<\/a><\/p>\n<h1>Haftungsausschluss (Disclaimer)<\/h1>\n<p><strong>Haftung f\u00fcr Inhalte<\/strong><\/p>\n<p>Als Diensteanbieter sind wir gem\u00e4\u00df \u00a7 7 Abs.1 TMG f\u00fcr eigene Inhalte auf diesen Seiten nach den allgemeinen Gesetzen verantwortlich. Nach \u00a7\u00a7 8 bis 10 TMG sind wir als Diensteanbieter jedoch nicht verpflichtet, \u00fcbermittelte oder gespeicherte fremde Informationen zu \u00fcberwachen oder nach Umst\u00e4nden zu forschen, die auf eine rechtswidrige T\u00e4tigkeit hinweisen. Verpflichtungen zur Entfernung oder Sperrung der Nutzung von Informationen nach den allgemeinen Gesetzen bleiben hiervon unber\u00fchrt. Eine diesbez\u00fcgliche Haftung ist jedoch erst ab dem Zeitpunkt der Kenntnis einer konkreten Rechtsverletzung m\u00f6glich. Bei Bekanntwerden von entsprechenden Rechtsverletzungen werden wir diese Inhalte umgehend entfernen.<\/p>\n<p><strong>Haftung f\u00fcr Links<\/strong><\/p>\n<p>Unser Angebot enth\u00e4lt Links zu externen Webseiten Dritter, auf deren Inhalte wir keinen Einfluss haben. Deshalb k\u00f6nnen wir f\u00fcr diese fremden Inhalte auch keine Gew\u00e4hr \u00fcbernehmen. F\u00fcr die Inhalte der verlinkten Seiten ist stets der jeweilige Anbieter oder Betreiber der Seiten verantwortlich. Die verlinkten Seiten wurden zum Zeitpunkt der Verlinkung auf m\u00f6gliche Rechtsverst\u00f6\u00dfe \u00fcberpr\u00fcft. Rechtswidrige Inhalte waren zum Zeitpunkt der Verlinkung nicht erkennbar. Eine permanente inhaltliche Kontrolle der verlinkten Seiten ist jedoch ohne konkrete Anhaltspunkte einer Rechtsverletzung nicht zumutbar. Bei Bekanntwerden von Rechtsverletzungen werden wir derartige Links umgehend entfernen.<\/p>\n<p><strong>Urheberrecht<\/strong><\/p>\n<p>Die durch die Seitenbetreiber erstellten Inhalte und Werke auf diesen Seiten unterliegen dem deutschen Urheberrecht. Die Vervielf\u00e4ltigung, Bearbeitung, Verbreitung und jede Art der Verwertung au\u00dferhalb der Grenzen des Urheberrechtes bed\u00fcrfen der schriftlichen Zustimmung des jeweiligen Autors bzw. Erstellers. Downloads und Kopien dieser Seite sind nur f\u00fcr den privaten, nicht kommerziellen Gebrauch gestattet. Soweit die Inhalte auf dieser Seite nicht vom Betreiber erstellt wurden, werden die Urheberrechte Dritter beachtet. Insbesondere werden Inhalte Dritter als solche gekennzeichnet. Sollten Sie trotzdem auf eine Urheberrechtsverletzung aufmerksam werden, bitten wir um einen entsprechenden Hinweis. Bei Bekanntwerden von Rechtsverletzungen werden wir derartige Inhalte umgehend entfernen.<\/p>\n<h1>Datenschutzerkl\u00e4rung:<\/h1>\n<p><strong>Datenschutz<\/strong><\/p>\n<p>Die Nutzung unserer Webseite ist in der Regel ohne Angabe personenbezogener Daten m\u00f6glich. Soweit auf unseren Seiten personenbezogene Daten (beispielsweise Name, Anschrift oder eMail-Adressen) erhoben werden, erfolgt dies, soweit m\u00f6glich, stets auf freiwilliger Basis. Diese Daten werden ohne Ihre ausdr\u00fcckliche Zustimmung nicht an Dritte weitergegeben.<\/p>\n<p>Wir weisen darauf hin, dass die Daten\u00fcbertragung im Internet (z.B. bei der Kommunikation per E-Mail) Sicherheitsl\u00fccken aufweisen kann. Ein l\u00fcckenloser Schutz der Daten vor dem Zugriff durch Dritte ist nicht m\u00f6glich.<\/p>\n<p>Der Nutzung von im Rahmen der Impressumspflicht ver\u00f6ffentlichten Kontaktdaten durch Dritte zur \u00dcbersendung von nicht ausdr\u00fccklich angeforderter Werbung und Informationsmaterialien wird hiermit ausdr\u00fccklich widersprochen. Die Betreiber der Seiten behalten sich ausdr\u00fccklich rechtliche Schritte im Falle der unverlangten Zusendung von Werbeinformationen, etwa durch Spam-Mails, vor.<\/p>\n<p><strong>Datenschutzerkl\u00e4rung f\u00fcr die Nutzung von Google Analytics<\/strong><\/p>\n<p>Diese Website benutzt Google Analytics, einen Webanalysedienst der Google Inc. (&#8222;Google&#8220;). Google Analytics verwendet sog. &#8222;Cookies&#8220;, Textdateien, die auf Ihrem Computer gespeichert werden und die eine Analyse der Benutzung der Website durch Sie erm\u00f6glichen. Die durch den Cookie erzeugten Informationen \u00fcber Ihre Benutzung dieser Website werden in der Regel an einen Server von Google in den USA \u00fcbertragen und dort gespeichert. Im Falle der Aktivierung der IP-Anonymisierung auf dieser Webseite wird Ihre IP-Adresse von Google jedoch innerhalb von Mitgliedstaaten der Europ\u00e4ischen Union oder in anderen Vertragsstaaten des Abkommens \u00fcber den Europ\u00e4ischen Wirtschaftsraum zuvor gek\u00fcrzt.<\/p>\n<p>Nur in Ausnahmef\u00e4llen wird die volle IP-Adresse an einen Server von Google in den USA \u00fcbertragen und dort gek\u00fcrzt. Im Auftrag des Betreibers dieser Website wird Google diese Informationen benutzen, um Ihre Nutzung der Website auszuwerten, um Reports \u00fcber die Websiteaktivit\u00e4ten zusammenzustellen und um weitere mit der Websitenutzung und der Internetnutzung verbundene Dienstleistungen gegen\u00fcber dem Websitebetreiber zu erbringen. Die im Rahmen von Google Analytics von Ihrem Browser \u00fcbermittelte IP-Adresse wird nicht mit anderen Daten von Google zusammengef\u00fchrt.<\/p>\n<p>Sie k\u00f6nnen die Speicherung der Cookies durch eine entsprechende Einstellung Ihrer Browser-Software verhindern; wir weisen Sie jedoch darauf hin, dass Sie in diesem Fall gegebenenfalls nicht s\u00e4mtliche Funktionen dieser Website vollumf\u00e4nglich werden nutzen k\u00f6nnen. Sie k\u00f6nnen dar\u00fcber hinaus die Erfassung der durch das Cookie erzeugten und auf Ihre Nutzung der Website bezogenen Daten (inkl. Ihrer IP-Adresse) an Google sowie die Verarbeitung dieser Daten durch Google verhindern, indem sie das unter dem folgenden Link verf\u00fcgbare Browser-Plugin herunterladen und installieren:<span style=\"color: #3366ff;\">\u00a0<\/span><a href=\"http:\/\/tools.google.com\/dlpage\/gaoptout?hl=de\">http:\/\/tools.google.com\/dlpage\/gaoptout?hl=de<\/a>.<\/p>\n<p><strong>Datenschutzerkl\u00e4rung f\u00fcr die Nutzung von Google Adsense<\/strong><\/p>\n<p>Diese Website benutzt Google AdSense, einen Dienst zum Einbinden von Werbeanzeigen der Google Inc. (&#8222;Google&#8220;). Google AdSense verwendet sog. &#8222;Cookies&#8220;, Textdateien, die auf Ihrem Computer gespeichert werden und die eine Analyse der Benutzung der Website erm\u00f6glicht. Google AdSense verwendet auch so genannte Web Beacons (unsichtbare Grafiken). Durch diese Web Beacons k\u00f6nnen Informationen wie der Besucherverkehr auf diesen Seiten ausgewertet werden.<\/p>\n<p>Die durch Cookies und Web Beacons erzeugten Informationen \u00fcber die Benutzung dieser Website (einschlie\u00dflich Ihrer IP-Adresse) und Auslieferung von Werbeformaten werden an einen Server von Google in den USA \u00fcbertragen und dort gespeichert. Diese Informationen k\u00f6nnen von Google an Vertragspartner von Google weiter gegeben werden. Google wird Ihre IP-Adresse jedoch nicht mit anderen von Ihnen gespeicherten Daten zusammenf\u00fchren.<\/p>\n<p>Sie k\u00f6nnen die Installation der Cookies durch eine entsprechende Einstellung Ihrer Browser Software verhindern; wir weisen Sie jedoch darauf hin, dass Sie in diesem Fall gegebenenfalls nicht s\u00e4mtliche Funktionen dieser Website voll umf\u00e4nglich nutzen k\u00f6nnen. Durch die Nutzung dieser Website erkl\u00e4ren Sie sich mit der Bearbeitung der \u00fcber Sie erhobenen Daten durch Google in der zuvor beschriebenen Art und Weise und zu dem zuvor benannten Zweck einverstanden.<\/p>\n<p><strong>Datenschutzerkl\u00e4rung f\u00fcr die Nutzung von Google +1<\/strong><\/p>\n<p><em>Erfassung und Weitergabe von Informationen:<\/em><br \/>\nMithilfe der Google +1-Schaltfl\u00e4che k\u00f6nnen Sie Informationen weltweit ver\u00f6ffentlichen. \u00dcber die Google\u00a0+1-Schaltfl\u00e4che erhalten Sie und andere Nutzer personalisierte Inhalte von Google und unseren Partnern. Google speichert sowohl die Information, dass Sie f\u00fcr einen Inhalt +1 gegeben haben, als auch Informationen \u00fcber die Seite, die Sie beim Klicken auf +1 angesehen haben. Ihre +1 k\u00f6nnen als Hinweise zusammen mit Ihrem Profilnamen und Ihrem Foto in Google-Diensten, wie etwa in Suchergebnissen oder in Ihrem Google-Profil, oder an anderen Stellen auf Websites und Anzeigen im Internet eingeblendet werden.<br \/>\nGoogle zeichnet Informationen \u00fcber Ihre +1-Aktivit\u00e4ten auf, um die Google-Dienste f\u00fcr Sie und andere zu verbessern. Um die Google\u00a0+1-Schaltfl\u00e4che verwenden zu k\u00f6nnen, ben\u00f6tigen Sie ein weltweit sichtbares, \u00f6ffentliches Google-Profil, das zumindest den f\u00fcr das Profil gew\u00e4hlten Namen enthalten muss. Dieser Name wird in allen Google-Diensten verwendet. In manchen F\u00e4llen kann dieser Name auch einen anderen Namen ersetzen, den Sie beim Teilen von Inhalten \u00fcber Ihr Google-Konto verwendet haben. Die Identit\u00e4t Ihres Google-Profils kann Nutzern angezeigt werden, die Ihre E-Mail-Adresse kennen oder \u00fcber andere identifizierende Informationen von Ihnen verf\u00fcgen.<\/p>\n<p><em>Verwendung der erfassten Informationen:<\/em><br \/>\nNeben den oben erl\u00e4uterten Verwendungszwecken werden die von Ihnen bereitgestellten Informationen gem\u00e4\u00df den geltenden Google-Datenschutzbestimmungen genutzt. Google ver\u00f6ffentlicht m\u00f6glicherweise zusammengefasste Statistiken \u00fcber die +1-Aktivit\u00e4ten der Nutzer bzw. gibt diese an Nutzer und Partner weiter, wie etwa Publisher, Inserenten oder verbundene Websites.<\/p>\n","protected":false},"excerpt":{"rendered":"<p>Angaben gem\u00e4\u00df \u00a7 5 TMG: GVK24 &#8211; Glinder Versicherungs-Kontor GmbH Am Ladenzentrum 6b 21465 Reinbek Vertreten durch: Lars-Bj\u00f8rn K\u00fchl und Georg Jarisch Kontakt: FON\u00a0\u00a0\u00a0\u00a0040-780 81 45 FAX \u00a0\u00a0\u00a0 040-78081431 MAIL\u00a0 \u00a0 post\u00a0(at) gvk24.de Registereintrag: Eintragung im Handelsregister der GmbH: Registergericht: L\u00fcbeck Registernummer: 11693 Berufsbezeichnung: GVK24 GmbH: Versicherungsmakler\u00a0\u00a734d Abs.1 Erlaubnis- und Registrierungsbeh\u00f6rde ist die IHK L\u00fcbeck, &hellip; <\/p>\n<p class=\"link-more\"><a href=\"https:\/\/www.gvk24.de\/?page_id=67\" class=\"more-link\"><span class=\"screen-reader-text\">\u201eImpressum+Datenschutz\u201c<\/span> weiterlesen<\/a><\/p>\n","protected":false},"author":2,"featured_media":0,"parent":0,"menu_order":0,"comment_status":"closed","ping_status":"closed","template":"","meta":[],"_links":{"self":[{"href":"https:\/\/www.gvk24.de\/index.php?rest_route=\/wp\/v2\/pages\/67"}],"collection":[{"href":"https:\/\/www.gvk24.de\/index.php?rest_route=\/wp\/v2\/pages"}],"about":[{"href":"https:\/\/www.gvk24.de\/index.php?rest_route=\/wp\/v2\/types\/page"}],"author":[{"embeddable":true,"href":"https:\/\/www.gvk24.de\/index.php?rest_route=\/wp\/v2\/users\/2"}],"replies":[{"embeddable":true,"href":"https:\/\/www.gvk24.de\/index.php?rest_route=%2Fwp%2Fv2%2Fcomments&post=67"}],"version-history":[{"count":32,"href":"https:\/\/www.gvk24.de\/index.php?rest_route=\/wp\/v2\/pages\/67\/revisions"}],"predecessor-version":[{"id":311,"href":"https:\/\/www.gvk24.de\/index.php?rest_route=\/wp\/v2\/pages\/67\/revisions\/311"}],"wp:attachment":[{"href":"https:\/\/www.gvk24.de\/index.php?rest_route=%2Fwp%2Fv2%2Fmedia&parent=67"}],"curies":[{"name":"wp","href":"https:\/\/api.w.org\/{rel}","templated":true}]}}