{"id":247,"date":"2019-04-08T16:34:43","date_gmt":"2019-04-08T14:34:43","guid":{"rendered":"http:\/\/www.gvk24.de\/?page_id=247"},"modified":"2020-02-21T17:04:19","modified_gmt":"2020-02-21T15:04:19","slug":"247-2","status":"publish","type":"page","link":"https:\/\/www.gvk24.de\/?page_id=247","title":{"rendered":"Aktuelles 2019-02"},"content":{"rendered":"<p><strong>Makler darf Honorar bei Tarifwechselberatung erheben<\/strong><\/p>\n<p><strong>Der Fall:<\/strong><br \/>\nEin Makler hatte f\u00fcr eine Tarifwechselberatung innerhalb der privaten Krankenversicherung ein Honorar von 420 Euro berechnet (andere Beratungen fanden mit deutlich h\u00f6heren Honorarforderungen statt). Dagegen klagte der Bund Deutscher Versicherte mit der Begr\u00fcndung, dies sei nur als Nebenleistung durch den Vermittler anzubieten, der dann keine (neue) Provision erhalten d\u00fcrfe.<\/p>\n<p><strong>Das Urteil:<\/strong><br \/>\nDer Bundesgerichtshof hat mit seinem Urteil in 2018 (Az I ZR 77\/17) klar gestellt, dass ein Versicherungsmakler ein erfolgsabh\u00e4ngiges Honorar verlangen darf, wenn er gem\u00e4\u00df \u00a7204 VVG eine Beratung zum Tarifwechsel durchf\u00fchrt.<\/p>\n<p><strong>Unser Tipp:<\/strong><br \/>\nBei Maklern, die sich auf das Tarifwechselgesch\u00e4ft spezialisiert haben, kostet die Beratung h\u00e4ufig viel Geld. Ob der gewechselte Tarif dann wirklich nur g\u00fcnstiger ist oder auch nicht besprochene Leistungsk\u00fcrzungen enth\u00e4lt zeigt sich meist erst, wenn es zu sp\u00e4t ist, d.h. der &#8222;alte&#8220; Schutz aufgegeben wurde.<\/p>\n<p>Wichtig ist bei einer Tarifoptimierung, dass zuk\u00fcnftig auch die Leistungen versichert bleiben, auf die Sie Wert legen.<\/p>\n","protected":false},"excerpt":{"rendered":"<p>Makler darf Honorar bei Tarifwechselberatung erheben Der Fall: Ein Makler hatte f\u00fcr eine Tarifwechselberatung innerhalb der privaten Krankenversicherung ein Honorar von 420 Euro berechnet (andere Beratungen fanden mit deutlich h\u00f6heren Honorarforderungen statt). Dagegen klagte der Bund Deutscher Versicherte mit der Begr\u00fcndung, dies sei nur als Nebenleistung durch den Vermittler anzubieten, der dann keine (neue) Provision &hellip; <\/p>\n<p class=\"link-more\"><a href=\"https:\/\/www.gvk24.de\/?page_id=247\" class=\"more-link\"><span class=\"screen-reader-text\">\u201eAktuelles 2019-02\u201c<\/span> weiterlesen<\/a><\/p>\n","protected":false},"author":2,"featured_media":0,"parent":214,"menu_order":0,"comment_status":"closed","ping_status":"closed","template":"","meta":[],"_links":{"self":[{"href":"https:\/\/www.gvk24.de\/index.php?rest_route=\/wp\/v2\/pages\/247"}],"collection":[{"href":"https:\/\/www.gvk24.de\/index.php?rest_route=\/wp\/v2\/pages"}],"about":[{"href":"https:\/\/www.gvk24.de\/index.php?rest_route=\/wp\/v2\/types\/page"}],"author":[{"embeddable":true,"href":"https:\/\/www.gvk24.de\/index.php?rest_route=\/wp\/v2\/users\/2"}],"replies":[{"embeddable":true,"href":"https:\/\/www.gvk24.de\/index.php?rest_route=%2Fwp%2Fv2%2Fcomments&post=247"}],"version-history":[{"count":3,"href":"https:\/\/www.gvk24.de\/index.php?rest_route=\/wp\/v2\/pages\/247\/revisions"}],"predecessor-version":[{"id":265,"href":"https:\/\/www.gvk24.de\/index.php?rest_route=\/wp\/v2\/pages\/247\/revisions\/265"}],"up":[{"embeddable":true,"href":"https:\/\/www.gvk24.de\/index.php?rest_route=\/wp\/v2\/pages\/214"}],"wp:attachment":[{"href":"https:\/\/www.gvk24.de\/index.php?rest_route=%2Fwp%2Fv2%2Fmedia&parent=247"}],"curies":[{"name":"wp","href":"https:\/\/api.w.org\/{rel}","templated":true}]}}