{"id":214,"date":"2019-04-02T09:34:46","date_gmt":"2019-04-02T07:34:46","guid":{"rendered":"http:\/\/www.gvk24.de\/?page_id=214"},"modified":"2019-04-08T16:35:42","modified_gmt":"2019-04-08T14:35:42","slug":"aktuelles","status":"publish","type":"page","link":"https:\/\/www.gvk24.de\/?page_id=214","title":{"rendered":"Aktuelles"},"content":{"rendered":"<p><span style=\"color: #333333;\">Hier stellen wir aktuelle Neuigkeiten und Wissenswertes ein. <\/span><br \/>\n<span style=\"color: #333333;\">(Schauen Sie gern im Monatsrhythmus wieder vorbei)<\/span><\/p>\n<ul>\n<li><a href=\"http:\/\/www.gvk24.de\/?page_id=247\">Maklerhonorar bei Tarifwechsel in der Krankenversicherung zul\u00e4ssig<\/a><\/li>\n<li><a href=\"http:\/\/www.gvk24.de\/?page_id=239\"><span style=\"color: #333333;\">Steuerliche Regelungen zu Kranken- und Pflegeversicherungsbeitr\u00e4gen f\u00fcr die eigenen Kinder<\/span><\/a><\/li>\n<\/ul>\n","protected":false},"excerpt":{"rendered":"<p>Hier stellen wir aktuelle Neuigkeiten und Wissenswertes ein. (Schauen Sie gern im Monatsrhythmus wieder vorbei) Maklerhonorar bei Tarifwechsel in der Krankenversicherung zul\u00e4ssig Steuerliche Regelungen zu Kranken- und Pflegeversicherungsbeitr\u00e4gen f\u00fcr die eigenen Kinder<\/p>\n","protected":false},"author":2,"featured_media":0,"parent":0,"menu_order":0,"comment_status":"closed","ping_status":"closed","template":"","meta":[],"_links":{"self":[{"href":"https:\/\/www.gvk24.de\/index.php?rest_route=\/wp\/v2\/pages\/214"}],"collection":[{"href":"https:\/\/www.gvk24.de\/index.php?rest_route=\/wp\/v2\/pages"}],"about":[{"href":"https:\/\/www.gvk24.de\/index.php?rest_route=\/wp\/v2\/types\/page"}],"author":[{"embeddable":true,"href":"https:\/\/www.gvk24.de\/index.php?rest_route=\/wp\/v2\/users\/2"}],"replies":[{"embeddable":true,"href":"https:\/\/www.gvk24.de\/index.php?rest_route=%2Fwp%2Fv2%2Fcomments&post=214"}],"version-history":[{"count":6,"href":"https:\/\/www.gvk24.de\/index.php?rest_route=\/wp\/v2\/pages\/214\/revisions"}],"predecessor-version":[{"id":250,"href":"https:\/\/www.gvk24.de\/index.php?rest_route=\/wp\/v2\/pages\/214\/revisions\/250"}],"wp:attachment":[{"href":"https:\/\/www.gvk24.de\/index.php?rest_route=%2Fwp%2Fv2%2Fmedia&parent=214"}],"curies":[{"name":"wp","href":"https:\/\/api.w.org\/{rel}","templated":true}]}}