{"id":156,"date":"2017-07-17T15:43:10","date_gmt":"2017-07-17T13:43:10","guid":{"rendered":"http:\/\/www.gvk24.de\/?page_id=156"},"modified":"2017-08-16T16:45:05","modified_gmt":"2017-08-16T14:45:05","slug":"156-2","status":"publish","type":"page","link":"https:\/\/www.gvk24.de\/?page_id=156","title":{"rendered":"Unsere Leistungen . . ."},"content":{"rendered":"<p>Als aktive und innovative Unternehmer ist uns eines bewusst:<\/p>\n<p>Jeder Mandant &#8211; egal ob gesch\u00e4ftlich oder privat &#8211; ist einzigartig!<\/p>\n<p>Jeder weist daher auch eine individuelle Risikosituation auf, die es entsprechend zu erfassen und abzusichern gilt. Dabei ist neben einer detaillierten Analyse die Kommunikation \u00fcber Ver\u00e4nderungen genauso wichtig wie die Optimierung der Bedarfssituationen.<\/p>\n<p>Wie sich unsere Leistungen f\u00fcr Sie auszahlen k\u00f6nnten, probieren Sie am besten in einer kostenlosen Erstgespr\u00e4ch aus:<\/p>\n<p>Wir liefern Ihnen Zahlen, Daten und Fakten &#8211; Sie entscheiden!<\/p>\n<p>Rufen Sie uns an.<\/p>\n","protected":false},"excerpt":{"rendered":"<p>Als aktive und innovative Unternehmer ist uns eines bewusst: Jeder Mandant &#8211; egal ob gesch\u00e4ftlich oder privat &#8211; ist einzigartig! Jeder weist daher auch eine individuelle Risikosituation auf, die es entsprechend zu erfassen und abzusichern gilt. Dabei ist neben einer detaillierten Analyse die Kommunikation \u00fcber Ver\u00e4nderungen genauso wichtig wie die Optimierung der Bedarfssituationen. Wie sich &hellip; <\/p>\n<p class=\"link-more\"><a href=\"https:\/\/www.gvk24.de\/?page_id=156\" class=\"more-link\"><span class=\"screen-reader-text\">\u201eUnsere Leistungen . . .\u201c<\/span> weiterlesen<\/a><\/p>\n","protected":false},"author":2,"featured_media":0,"parent":0,"menu_order":0,"comment_status":"closed","ping_status":"closed","template":"","meta":[],"_links":{"self":[{"href":"https:\/\/www.gvk24.de\/index.php?rest_route=\/wp\/v2\/pages\/156"}],"collection":[{"href":"https:\/\/www.gvk24.de\/index.php?rest_route=\/wp\/v2\/pages"}],"about":[{"href":"https:\/\/www.gvk24.de\/index.php?rest_route=\/wp\/v2\/types\/page"}],"author":[{"embeddable":true,"href":"https:\/\/www.gvk24.de\/index.php?rest_route=\/wp\/v2\/users\/2"}],"replies":[{"embeddable":true,"href":"https:\/\/www.gvk24.de\/index.php?rest_route=%2Fwp%2Fv2%2Fcomments&post=156"}],"version-history":[{"count":8,"href":"https:\/\/www.gvk24.de\/index.php?rest_route=\/wp\/v2\/pages\/156\/revisions"}],"predecessor-version":[{"id":198,"href":"https:\/\/www.gvk24.de\/index.php?rest_route=\/wp\/v2\/pages\/156\/revisions\/198"}],"wp:attachment":[{"href":"https:\/\/www.gvk24.de\/index.php?rest_route=%2Fwp%2Fv2%2Fmedia&parent=156"}],"curies":[{"name":"wp","href":"https:\/\/api.w.org\/{rel}","templated":true}]}}